{"id":272,"date":"2015-05-09T13:15:07","date_gmt":"2015-05-09T12:15:07","guid":{"rendered":"http:\/\/automnemusicalduvesinet.fr\/?page_id=272"},"modified":"2022-11-04T17:53:10","modified_gmt":"2022-11-04T16:53:10","slug":"renseignements-pratiques","status":"publish","type":"page","link":"https:\/\/2022.automnemusicalduvesinet.fr\/?page_id=272","title":{"rendered":"Acc\u00e8s &#8211; Informations"},"content":{"rendered":"<h1>Informations pratiques<\/h1>\n<p>&nbsp;<\/p>\n<p style=\"text-align: center;\"><span style=\"font-size: 20px;\"><strong>Tarifs<\/strong><\/span><\/p>\n<table style=\"width: 100%;\" width=\"634\">\n<tbody>\n<tr>\n<td style=\"width: 29.8844%;\"><span style=\"font-size: 16px;\">\u00a0<\/span><\/td>\n<td style=\"text-align: center; width: 16.6754%;\"><strong><span style=\"font-size: 16px;\">\u00a0\u00a0 Adulte\u00a0<\/span><\/strong><\/td>\n<td style=\"text-align: center; width: 15.3967%;\"><strong><span style=\"font-size: 16px;\">&#8211; de 26 ans<\/span><\/strong><\/td>\n<td style=\"text-align: center; width: 22.5342%;\"><strong><span style=\"font-size: 16px;\">Adh\u00e9rent<br \/>\nEsprit Musical<\/span><\/strong><\/td>\n<td style=\"text-align: center; width: 13.6631%;\" rowspan=\"3\"><strong><span style=\"font-size: 16px;\">\u00a0<\/span><\/strong><\/td>\n<\/tr>\n<tr>\n<td style=\"width: 29.8844%;\"><span style=\"font-size: 16px;\"><strong>Un concert<\/strong><\/span><\/td>\n<td style=\"text-align: center; width: 16.6754%;\"><span style=\"font-size: 16px;\">20 \u20ac<\/span><\/td>\n<td style=\"text-align: center; width: 15.3967%;\"><span style=\"font-size: 16px;\">10 \u20ac<\/span><\/td>\n<td style=\"text-align: center; width: 22.5342%;\"><span style=\"font-size: 16px;\">15 \u20ac<\/span><\/td>\n<\/tr>\n<tr>\n<td style=\"width: 29.8844%;\"><span style=\"font-size: 16px;\"><strong>Pass 3 Concerts<\/strong><\/span><\/td>\n<td style=\"text-align: center; width: 16.6754%;\"><span style=\"font-size: 16px;\">50 \u20ac<\/span><\/td>\n<td style=\"text-align: center; width: 15.3967%;\"><span style=\"font-size: 16px;\">20 \u20ac<\/span><\/td>\n<td style=\"text-align: center; width: 22.5342%;\"><span style=\"font-size: 16px;\">40 \u20ac<\/span><\/td>\n<\/tr>\n<\/tbody>\n<\/table>\n<p>&nbsp;<\/p>\n<p style=\"text-align: center;\"><span style=\"font-size: 20px;\"><b>R\u00e9servations en ligne<\/b><\/span><\/p>\n<p><span style=\"text-decoration: underline;\"><span style=\"font-size: 16px;\"><strong>Billeterie Fnac<\/strong><\/span><\/span><\/p>\n<p><span style=\"text-decoration: underline;\"><span style=\"font-size: 16px;\"><strong>France Billets<\/strong><\/span><\/span><\/p>\n<p>&nbsp;<\/p>\n<p style=\"text-align: center;\"><span style=\"font-size: 20px;\"><b>Comment s&#8217;y rendre<\/b><\/span><\/p>\n<p>&nbsp;<\/p>\n<table>\n<tbody>\n<tr>\n<td style=\"width: 60.7048%;\">\n<p style=\"text-align: center;\"><span style=\"font-size: 16px;\"><span style=\"color: #800000;\"><b>Temple du V\u00e9sinet<br \/>\n1 route du Grand-Pont<br \/>\n78110 Le V\u00e9sinet<\/b><\/span><\/span><\/p>\n<\/td>\n<td style=\"border: 1px #000000; width: 383.115%; text-align: center; vertical-align: middle;\" rowspan=\"4\"><\/td>\n<\/tr>\n<tr>\n<td style=\"width: 60.7048%;\">\n<p style=\"text-align: center;\"><span style=\"font-size: 16px;\"><span style=\"color: #800000;\"><b>H\u00f4pital du V\u00e9sinet<br \/>\n72 avenue de la Princesse<br \/>\n78110 Le V\u00e9sinet<\/b><\/span><\/span><\/p>\n<\/td>\n<\/tr>\n<tr>\n<td style=\"width: 60.7048%;\">\n<p style=\"text-align: center;\"><span style=\"font-size: 16px;\"><strong>EN VOITURE :<br \/>\n<\/strong>GPS : Le V\u00e9sinet,<\/span><br \/>\n<em>(12 km de la porte Maillot)<\/em><\/p>\n<\/td>\n<\/tr>\n<tr>\n<td style=\"width: 60.7048%;\">\n<p style=\"text-align: center;\"><span style=\"font-size: 16px;\"><strong>RER A :<\/strong><\/span><br \/>\n<span style=\"font-size: 16px;\">Direction Saint-Germain en Laye<\/span><br \/>\n<span style=\"font-size: 16px;\">station: <strong>Le V\u00e9sinet-Centre<\/strong><\/span><span style=\"font-size: 16px;\">\u00a0<\/span><\/p>\n<\/td>\n<\/tr>\n<\/tbody>\n<\/table>\n","protected":false},"excerpt":{"rendered":"<p>Informations pratiques &nbsp; Tarifs \u00a0 \u00a0\u00a0 Adulte\u00a0 &#8211; de 26 ans Adh\u00e9rent Esprit Musical \u00a0 Un concert 20 \u20ac 10 \u20ac 15 \u20ac Pass 3 Concerts 50 \u20ac 20 \u20ac 40 \u20ac &nbsp; R\u00e9servations en ligne Billeterie Fnac France Billets &nbsp; Comment s&#8217;y rendre &nbsp; Temple du V\u00e9sinet 1 route du Grand-Pont 78110 Le V\u00e9sinet H\u00f4pital du V\u00e9sinet 72 avenue de la Princesse 78110 Le V\u00e9sinet EN VOITURE : GPS : Le V\u00e9sinet, (12 km <a href=\"https:\/\/2022.automnemusicalduvesinet.fr\/?page_id=272\"> <\/a><\/p>\n","protected":false},"author":1,"featured_media":0,"parent":0,"menu_order":3,"comment_status":"closed","ping_status":"closed","template":"","meta":[],"_links":{"self":[{"href":"https:\/\/2022.automnemusicalduvesinet.fr\/index.php?rest_route=\/wp\/v2\/pages\/272"}],"collection":[{"href":"https:\/\/2022.automnemusicalduvesinet.fr\/index.php?rest_route=\/wp\/v2\/pages"}],"about":[{"href":"https:\/\/2022.automnemusicalduvesinet.fr\/index.php?rest_route=\/wp\/v2\/types\/page"}],"author":[{"embeddable":true,"href":"https:\/\/2022.automnemusicalduvesinet.fr\/index.php?rest_route=\/wp\/v2\/users\/1"}],"replies":[{"embeddable":true,"href":"https:\/\/2022.automnemusicalduvesinet.fr\/index.php?rest_route=%2Fwp%2Fv2%2Fcomments&post=272"}],"version-history":[{"count":176,"href":"https:\/\/2022.automnemusicalduvesinet.fr\/index.php?rest_route=\/wp\/v2\/pages\/272\/revisions"}],"predecessor-version":[{"id":2223,"href":"https:\/\/2022.automnemusicalduvesinet.fr\/index.php?rest_route=\/wp\/v2\/pages\/272\/revisions\/2223"}],"wp:attachment":[{"href":"https:\/\/2022.automnemusicalduvesinet.fr\/index.php?rest_route=%2Fwp%2Fv2%2Fmedia&parent=272"}],"curies":[{"name":"wp","href":"https:\/\/api.w.org\/{rel}","templated":true}]}}